{"id":22,"date":"2025-01-23T09:03:40","date_gmt":"2025-01-23T09:03:40","guid":{"rendered":"https:\/\/breatherestaurant.life\/?page_id=22"},"modified":"2025-01-27T12:10:24","modified_gmt":"2025-01-27T12:10:24","slug":"breathe","status":"publish","type":"page","link":"https:\/\/breatherestaurant.life\/es\/about-us\/","title":{"rendered":"About us"},"content":{"rendered":"<div data-elementor-type=\"wp-page\" data-elementor-id=\"22\" class=\"elementor elementor-22\" data-elementor-post-type=\"page\">\n\t\t\t\t<div class=\"elementor-element elementor-element-de5cac0 e-con-full e-flex e-con e-parent\" data-id=\"de5cac0\" data-element_type=\"container\" data-e-type=\"container\" data-settings=\"{&quot;background_background&quot;:&quot;classic&quot;}\">\n\t\t<div class=\"elementor-element elementor-element-67dea67 e-con-full e-flex e-con e-child\" data-id=\"67dea67\" data-element_type=\"container\" data-e-type=\"container\">\n\t\t<div class=\"elementor-element elementor-element-87c657d e-con-full e-flex e-con e-child\" data-id=\"87c657d\" data-element_type=\"container\" data-e-type=\"container\">\n\t\t\t\t<div class=\"elementor-element elementor-element-f51d84d elementor-icon-list--layout-traditional elementor-list-item-link-full_width elementor-widget elementor-widget-icon-list\" data-id=\"f51d84d\" data-element_type=\"widget\" data-e-type=\"widget\" data-widget_type=\"icon-list.default\">\n\t\t\t\t<div class=\"elementor-widget-container\">\n\t\t\t\t\t\t\t<ul class=\"elementor-icon-list-items\">\n\t\t\t\t\t\t\t<li class=\"elementor-icon-list-item\">\n\t\t\t\t\t\t\t\t\t\t\t<a href=\"https:\/\/breatherestaurant.life\/es\">\n\n\t\t\t\t\t\t\t\t\t\t\t\t<span class=\"elementor-icon-list-icon\">\n\t\t\t\t\t\t\t<svg aria-hidden=\"true\" class=\"e-font-icon-svg e-fas-arrow-left\" viewbox=\"0 0 448 512\" xmlns=\"http:\/\/www.w3.org\/2000\/svg\"><path d=\"M257.5 445.1l-22.2 22.2c-9.4 9.4-24.6 9.4-33.9 0L7 273c-9.4-9.4-9.4-24.6 0-33.9L201.4 44.7c9.4-9.4 24.6-9.4 33.9 0l22.2 22.2c9.5 9.5 9.3 25-.4 34.3L136.6 216H424c13.3 0 24 10.7 24 24v32c0 13.3-10.7 24-24 24H136.6l120.5 114.8c9.8 9.3 10 24.8.4 34.3z\"><\/path><\/svg>\t\t\t\t\t\t<\/span>\n\t\t\t\t\t\t\t\t\t\t<span class=\"elementor-icon-list-text\">Atr\u00e1s<\/span>\n\t\t\t\t\t\t\t\t\t\t\t<\/a>\n\t\t\t\t\t\t\t\t\t<\/li>\n\t\t\t\t\t\t<\/ul>\n\t\t\t\t\t\t<\/div>\n\t\t\t\t<\/div>\n\t\t\t\t<\/div>\n\t\t<div class=\"elementor-element elementor-element-92a0df5 e-con-full e-flex e-con e-child\" data-id=\"92a0df5\" data-element_type=\"container\" data-e-type=\"container\">\n\t\t\t\t<div class=\"elementor-element elementor-element-0b93f40 elementor-widget elementor-widget-heading\" data-id=\"0b93f40\" data-element_type=\"widget\" data-e-type=\"widget\" data-widget_type=\"heading.default\">\n\t\t\t\t<div class=\"elementor-widget-container\">\n\t\t\t\t\t<h1 class=\"elementor-heading-title elementor-size-default\">SOBRE NOSOTROS<\/h1>\t\t\t\t<\/div>\n\t\t\t\t<\/div>\n\t\t\t\t<\/div>\n\t\t\t\t<\/div>\n\t\t\t\t<\/div>\n\t\t<div class=\"elementor-element elementor-element-998a0e1 e-flex e-con-boxed e-con e-parent\" data-id=\"998a0e1\" data-element_type=\"container\" data-e-type=\"container\" data-settings=\"{&quot;background_background&quot;:&quot;classic&quot;}\">\n\t\t\t\t\t<div class=\"e-con-inner\">\n\t\t<div class=\"elementor-element elementor-element-d2093c6 e-con-full e-flex e-con e-child\" data-id=\"d2093c6\" data-element_type=\"container\" data-e-type=\"container\">\n\t\t\t\t<div class=\"elementor-element elementor-element-32f0419 elementor-widget elementor-widget-text-editor\" data-id=\"32f0419\" data-element_type=\"widget\" data-e-type=\"widget\" data-widget_type=\"text-editor.default\">\n\t\t\t\t<div class=\"elementor-widget-container\">\n\t\t\t\t\t\t\t\t\t<p class=\"translation-block\"><strong>BREATHE\u2122 Restaurant<\/strong> es donde la energ\u00eda, el sabor y el ambiente se unen. Es un lugar para conexiones significativas, conversaciones inspiradoras y recuerdos inolvidables. Ya sea que est\u00e9s aqu\u00ed para un almuerzo casual, una cena elegante o una noche con amigos, te invitamos a experimentar la combinaci\u00f3n perfecta de naturaleza, gastronom\u00eda y dise\u00f1o contempor\u00e1neo.<\/p>\t\t\t\t\t\t\t\t<\/div>\n\t\t\t\t<\/div>\n\t\t\t\t<\/div>\n\t\t\t\t\t<\/div>\n\t\t\t\t<\/div>\n\t\t<div class=\"elementor-element elementor-element-e448e32 e-flex e-con-boxed e-con e-parent\" data-id=\"e448e32\" data-element_type=\"container\" data-e-type=\"container\" data-settings=\"{&quot;background_background&quot;:&quot;classic&quot;}\">\n\t\t\t\t\t<div class=\"e-con-inner\">\n\t\t\t\t<div class=\"elementor-element elementor-element-d822409 elementor-widget elementor-widget-heading\" data-id=\"d822409\" data-element_type=\"widget\" data-e-type=\"widget\" data-widget_type=\"heading.default\">\n\t\t\t\t<div class=\"elementor-widget-container\">\n\t\t\t\t\t<h2 class=\"elementor-heading-title elementor-size-default\">NUESTRO EQUIPO<\/h2>\t\t\t\t<\/div>\n\t\t\t\t<\/div>\n\t\t\t\t<div class=\"elementor-element elementor-element-afa3488 elementor-widget__width-initial elementor-widget elementor-widget-text-editor\" data-id=\"afa3488\" data-element_type=\"widget\" data-e-type=\"widget\" data-widget_type=\"text-editor.default\">\n\t\t\t\t<div class=\"elementor-widget-container\">\n\t\t\t\t\t\t\t\t\t<p><strong>En BREATHE\u2122 Restaurant<\/strong>, nuestro amable y dedicado equipo est\u00e1 aqu\u00ed para hacer que cada momento sea excepcional. Con pasi\u00f3n y esmero, garantizamos un servicio sobresaliente y un ambiente c\u00e1lido y acogedor para cada hu\u00e9sped.<\/p>\t\t\t\t\t\t\t\t<\/div>\n\t\t\t\t<\/div>\n\t\t\t\t<div class=\"elementor-element elementor-element-aa6bd5c elementor-widget elementor-widget-image\" data-id=\"aa6bd5c\" data-element_type=\"widget\" data-e-type=\"widget\" data-widget_type=\"image.default\">\n\t\t\t\t<div class=\"elementor-widget-container\">\n\t\t\t\t\t\t\t\t\t\t\t\t\t\t\t<img fetchpriority=\"high\" decoding=\"async\" width=\"2000\" height=\"1333\" src=\"https:\/\/breatherestaurant.life\/wp-content\/uploads\/2025\/01\/571A3332.webp\" class=\"attachment-full size-full wp-image-173\" alt=\"\" srcset=\"https:\/\/breatherestaurant.life\/wp-content\/uploads\/2025\/01\/571A3332.webp 2000w, https:\/\/breatherestaurant.life\/wp-content\/uploads\/2025\/01\/571A3332-300x200.webp 300w, https:\/\/breatherestaurant.life\/wp-content\/uploads\/2025\/01\/571A3332-1024x682.webp 1024w, https:\/\/breatherestaurant.life\/wp-content\/uploads\/2025\/01\/571A3332-768x512.webp 768w, https:\/\/breatherestaurant.life\/wp-content\/uploads\/2025\/01\/571A3332-1536x1024.webp 1536w\" sizes=\"(max-width: 2000px) 100vw, 2000px\" \/>\t\t\t\t\t\t\t\t\t\t\t\t\t\t\t<\/div>\n\t\t\t\t<\/div>\n\t\t\t\t<div class=\"elementor-element elementor-element-e2e94eb elementor-widget elementor-widget-spacer\" data-id=\"e2e94eb\" data-element_type=\"widget\" data-e-type=\"widget\" data-widget_type=\"spacer.default\">\n\t\t\t\t<div class=\"elementor-widget-container\">\n\t\t\t\t\t\t\t<div class=\"elementor-spacer\">\n\t\t\t<div class=\"elementor-spacer-inner\"><\/div>\n\t\t<\/div>\n\t\t\t\t\t\t<\/div>\n\t\t\t\t<\/div>\n\t\t\t\t<div class=\"elementor-element elementor-element-17af901 elementor-align-justify elementor-widget__width-initial elementor-widget-mobile__width-initial btn.outlined elementor-widget elementor-widget-button\" data-id=\"17af901\" data-element_type=\"widget\" data-e-type=\"widget\" data-widget_type=\"button.default\">\n\t\t\t\t<div class=\"elementor-widget-container\">\n\t\t\t\t\t\t\t\t\t<div class=\"elementor-button-wrapper\">\n\t\t\t\t\t<a class=\"elementor-button elementor-button-link elementor-size-sm elementor-animation-bob\" href=\"https:\/\/breatherestaurant.life\/es\/reserve\/\">\n\t\t\t\t\t\t<span class=\"elementor-button-content-wrapper\">\n\t\t\t\t\t\t\t\t\t<span class=\"elementor-button-text\">RESERVA TU MESA<\/span>\n\t\t\t\t\t<\/span>\n\t\t\t\t\t<\/a>\n\t\t\t\t<\/div>\n\t\t\t\t\t\t\t\t<\/div>\n\t\t\t\t<\/div>\n\t\t\t\t\t<\/div>\n\t\t\t\t<\/div>\n\t\t<div class=\"elementor-element elementor-element-dc2d732 e-flex e-con-boxed e-con e-parent\" data-id=\"dc2d732\" data-element_type=\"container\" data-e-type=\"container\" data-settings=\"{&quot;background_background&quot;:&quot;classic&quot;}\">\n\t\t\t\t\t<div class=\"e-con-inner\">\n\t\t\t\t<div class=\"elementor-element elementor-element-5abf052 elementor-widget elementor-widget-heading\" data-id=\"5abf052\" data-element_type=\"widget\" data-e-type=\"widget\" data-widget_type=\"heading.default\">\n\t\t\t\t<div class=\"elementor-widget-container\">\n\t\t\t\t\t<h2 class=\"elementor-heading-title elementor-size-default\">NUESTROS ESPACIOS<\/h2>\t\t\t\t<\/div>\n\t\t\t\t<\/div>\n\t\t\t\t<div class=\"elementor-element elementor-element-a145079 elementor-widget__width-initial elementor-invisible elementor-widget elementor-widget-text-editor\" data-id=\"a145079\" data-element_type=\"widget\" data-e-type=\"widget\" data-settings=\"{&quot;_animation&quot;:&quot;fadeInDown&quot;}\" data-widget_type=\"text-editor.default\">\n\t\t\t\t<div class=\"elementor-widget-container\">\n\t\t\t\t\t\t\t\t\t<p><strong>En BREATHE\u2122 Restaurant<\/strong>, ofrecemos una variedad de espacios cuidadosamente dise\u00f1ados, cada uno creado para brindar una experiencia \u00fanica. Desde la atm\u00f3sfera \u00edntima de nuestro comedor interior hasta la sensaci\u00f3n abierta y aireada de nuestra terraza, y la vibrante energ\u00eda de nuestro bar, cada espacio est\u00e1 dise\u00f1ado para conectarte con la naturaleza, las personas y momentos excepcionales.<\/p>\t\t\t\t\t\t\t\t<\/div>\n\t\t\t\t<\/div>\n\t\t\t\t\t<\/div>\n\t\t\t\t<\/div>\n\t\t<div class=\"elementor-element elementor-element-db76770 e-flex e-con-boxed e-con e-parent\" data-id=\"db76770\" data-element_type=\"container\" data-e-type=\"container\" data-settings=\"{&quot;background_background&quot;:&quot;classic&quot;}\">\n\t\t\t\t\t<div class=\"e-con-inner\">\n\t\t\t\t\t<\/div>\n\t\t\t\t<\/div>\n\t\t<div class=\"elementor-element elementor-element-d3e8dcd e-flex e-con-boxed e-con e-parent\" data-id=\"d3e8dcd\" data-element_type=\"container\" data-e-type=\"container\" data-settings=\"{&quot;background_background&quot;:&quot;classic&quot;}\">\n\t\t\t\t\t<div class=\"e-con-inner\">\n\t\t\t\t<div class=\"elementor-element elementor-element-a3fe947 elementor-widget elementor-widget-heading\" data-id=\"a3fe947\" data-element_type=\"widget\" data-e-type=\"widget\" data-widget_type=\"heading.default\">\n\t\t\t\t<div class=\"elementor-widget-container\">\n\t\t\t\t\t<h2 class=\"elementor-heading-title elementor-size-default\">EL INTERIOR<\/h2>\t\t\t\t<\/div>\n\t\t\t\t<\/div>\n\t\t\t\t<div class=\"elementor-element elementor-element-ac9a5b6 elementor-widget__width-inherit elementor-invisible elementor-widget elementor-widget-text-editor\" data-id=\"ac9a5b6\" data-element_type=\"widget\" data-e-type=\"widget\" data-settings=\"{&quot;_animation&quot;:&quot;fadeInDown&quot;}\" data-widget_type=\"text-editor.default\">\n\t\t\t\t<div class=\"elementor-widget-container\">\n\t\t\t\t\t\t\t\t\t<p>En <strong>BREATHE Restaurant<\/strong>, nuestro interior es una combinaci\u00f3n de elegancia y calidez, dise\u00f1ado para crear una atm\u00f3sfera acogedora e inspiradora. Cada detalle ha sido cuidadosamente seleccionado para reflejar una conexi\u00f3n con la naturaleza, con materiales naturales, espacios abiertos y elementos de dise\u00f1o que transmiten calma.<\/p>\t\t\t\t\t\t\t\t<\/div>\n\t\t\t\t<\/div>\n\t\t\t\t<div class=\"elementor-element elementor-element-c99b96f elementor-widget elementor-widget-image\" data-id=\"c99b96f\" data-element_type=\"widget\" data-e-type=\"widget\" data-widget_type=\"image.default\">\n\t\t\t\t<div class=\"elementor-widget-container\">\n\t\t\t\t\t\t\t\t\t\t\t\t\t\t\t<img decoding=\"async\" width=\"2000\" height=\"1333\" src=\"https:\/\/breatherestaurant.life\/wp-content\/uploads\/2025\/01\/084A1765x2-1.webp\" class=\"attachment-full size-full wp-image-178\" alt=\"\" srcset=\"https:\/\/breatherestaurant.life\/wp-content\/uploads\/2025\/01\/084A1765x2-1.webp 2000w, https:\/\/breatherestaurant.life\/wp-content\/uploads\/2025\/01\/084A1765x2-1-300x200.webp 300w, https:\/\/breatherestaurant.life\/wp-content\/uploads\/2025\/01\/084A1765x2-1-1024x682.webp 1024w, https:\/\/breatherestaurant.life\/wp-content\/uploads\/2025\/01\/084A1765x2-1-768x512.webp 768w, https:\/\/breatherestaurant.life\/wp-content\/uploads\/2025\/01\/084A1765x2-1-1536x1024.webp 1536w\" sizes=\"(max-width: 2000px) 100vw, 2000px\" \/>\t\t\t\t\t\t\t\t\t\t\t\t\t\t\t<\/div>\n\t\t\t\t<\/div>\n\t\t\t\t\t<\/div>\n\t\t\t\t<\/div>\n\t\t<div class=\"elementor-element elementor-element-8635db6 e-flex e-con-boxed e-con e-parent\" data-id=\"8635db6\" data-element_type=\"container\" data-e-type=\"container\" data-settings=\"{&quot;background_background&quot;:&quot;classic&quot;}\">\n\t\t\t\t\t<div class=\"e-con-inner\">\n\t\t\t\t<div class=\"elementor-element elementor-element-5ae180c elementor-widget elementor-widget-heading\" data-id=\"5ae180c\" data-element_type=\"widget\" data-e-type=\"widget\" data-widget_type=\"heading.default\">\n\t\t\t\t<div class=\"elementor-widget-container\">\n\t\t\t\t\t<h2 class=\"elementor-heading-title elementor-size-default\">LA TERRAZA<\/h2>\t\t\t\t<\/div>\n\t\t\t\t<\/div>\n\t\t\t\t<div class=\"elementor-element elementor-element-a630d6c elementor-invisible elementor-widget elementor-widget-text-editor\" data-id=\"a630d6c\" data-element_type=\"widget\" data-e-type=\"widget\" data-settings=\"{&quot;_animation&quot;:&quot;fadeInDown&quot;}\" data-widget_type=\"text-editor.default\">\n\t\t\t\t<div class=\"elementor-widget-container\">\n\t\t\t\t\t\t\t\t\t<p>Nuestra terraza ofrece una vibrante escapada al aire libre donde puedes disfrutar de impresionantes vistas y aire fresco mientras saboreas deliciosos platos y bebidas. Con una atm\u00f3sfera relajada pero elegante, es el lugar perfecto para todo, desde reuniones informales hasta c\u00f3cteles al atardecer.<\/p>\t\t\t\t\t\t\t\t<\/div>\n\t\t\t\t<\/div>\n\t\t\t\t<div class=\"elementor-element elementor-element-28a607c elementor-widget elementor-widget-image\" data-id=\"28a607c\" data-element_type=\"widget\" data-e-type=\"widget\" data-widget_type=\"image.default\">\n\t\t\t\t<div class=\"elementor-widget-container\">\n\t\t\t\t\t\t\t\t\t\t\t\t\t\t\t<img decoding=\"async\" width=\"2000\" height=\"1033\" src=\"https:\/\/breatherestaurant.life\/wp-content\/uploads\/2025\/01\/Breathe-Night-2022-8.webp\" class=\"attachment-full size-full wp-image-181\" alt=\"\" srcset=\"https:\/\/breatherestaurant.life\/wp-content\/uploads\/2025\/01\/Breathe-Night-2022-8.webp 2000w, https:\/\/breatherestaurant.life\/wp-content\/uploads\/2025\/01\/Breathe-Night-2022-8-300x155.webp 300w, https:\/\/breatherestaurant.life\/wp-content\/uploads\/2025\/01\/Breathe-Night-2022-8-1024x529.webp 1024w, https:\/\/breatherestaurant.life\/wp-content\/uploads\/2025\/01\/Breathe-Night-2022-8-768x397.webp 768w, https:\/\/breatherestaurant.life\/wp-content\/uploads\/2025\/01\/Breathe-Night-2022-8-1536x793.webp 1536w\" sizes=\"(max-width: 2000px) 100vw, 2000px\" \/>\t\t\t\t\t\t\t\t\t\t\t\t\t\t\t<\/div>\n\t\t\t\t<\/div>\n\t\t\t\t\t<\/div>\n\t\t\t\t<\/div>\n\t\t<div class=\"elementor-element elementor-element-124abe0 e-flex e-con-boxed e-con e-parent\" data-id=\"124abe0\" data-element_type=\"container\" data-e-type=\"container\" data-settings=\"{&quot;background_background&quot;:&quot;classic&quot;}\">\n\t\t\t\t\t<div class=\"e-con-inner\">\n\t\t\t\t<div class=\"elementor-element elementor-element-60c53b6 elementor-widget elementor-widget-heading\" data-id=\"60c53b6\" data-element_type=\"widget\" data-e-type=\"widget\" data-widget_type=\"heading.default\">\n\t\t\t\t<div class=\"elementor-widget-container\">\n\t\t\t\t\t<h2 class=\"elementor-heading-title elementor-size-default\">BAR<\/h2>\t\t\t\t<\/div>\n\t\t\t\t<\/div>\n\t\t\t\t<div class=\"elementor-element elementor-element-5152997 elementor-invisible elementor-widget elementor-widget-text-editor\" data-id=\"5152997\" data-element_type=\"widget\" data-e-type=\"widget\" data-settings=\"{&quot;_animation&quot;:&quot;fadeInDown&quot;}\" data-widget_type=\"text-editor.default\">\n\t\t\t\t<div class=\"elementor-widget-container\">\n\t\t\t\t\t\t\t\t\t<p>Nuestro bar es un espacio elegante y animado donde la creatividad fluye tan libremente como nuestros c\u00f3cteles exclusivos. Con bebidas elaboradas por expertos, una cuidada selecci\u00f3n de vinos y un ambiente acogedor, es el lugar perfecto para reunirse con amigos o relajarse despu\u00e9s de un d\u00eda. <\/p>\t\t\t\t\t\t\t\t<\/div>\n\t\t\t\t<\/div>\n\t\t\t\t<div class=\"elementor-element elementor-element-9c08ebc elementor-widget elementor-widget-image\" data-id=\"9c08ebc\" data-element_type=\"widget\" data-e-type=\"widget\" data-widget_type=\"image.default\">\n\t\t\t\t<div class=\"elementor-widget-container\">\n\t\t\t\t\t\t\t\t\t\t\t\t\t\t\t<img loading=\"lazy\" decoding=\"async\" width=\"1707\" height=\"2560\" src=\"https:\/\/breatherestaurant.life\/wp-content\/uploads\/2025\/01\/571A4934-scaled.webp\" class=\"attachment-full size-full wp-image-182\" alt=\"\" srcset=\"https:\/\/breatherestaurant.life\/wp-content\/uploads\/2025\/01\/571A4934-scaled.webp 1707w, https:\/\/breatherestaurant.life\/wp-content\/uploads\/2025\/01\/571A4934-200x300.webp 200w, https:\/\/breatherestaurant.life\/wp-content\/uploads\/2025\/01\/571A4934-683x1024.webp 683w, https:\/\/breatherestaurant.life\/wp-content\/uploads\/2025\/01\/571A4934-768x1152.webp 768w, https:\/\/breatherestaurant.life\/wp-content\/uploads\/2025\/01\/571A4934-1024x1536.webp 1024w, https:\/\/breatherestaurant.life\/wp-content\/uploads\/2025\/01\/571A4934-1365x2048.webp 1365w\" sizes=\"(max-width: 1707px) 100vw, 1707px\" \/>\t\t\t\t\t\t\t\t\t\t\t\t\t\t\t<\/div>\n\t\t\t\t<\/div>\n\t\t\t\t<div class=\"elementor-element elementor-element-15b0612 elementor-widget elementor-widget-spacer\" data-id=\"15b0612\" data-element_type=\"widget\" data-e-type=\"widget\" data-widget_type=\"spacer.default\">\n\t\t\t\t<div class=\"elementor-widget-container\">\n\t\t\t\t\t\t\t<div class=\"elementor-spacer\">\n\t\t\t<div class=\"elementor-spacer-inner\"><\/div>\n\t\t<\/div>\n\t\t\t\t\t\t<\/div>\n\t\t\t\t<\/div>\n\t\t\t\t<div class=\"elementor-element elementor-element-5624cf2 elementor-align-justify elementor-widget__width-initial elementor-widget-mobile__width-initial btn.outlined elementor-widget elementor-widget-button\" data-id=\"5624cf2\" data-element_type=\"widget\" data-e-type=\"widget\" data-widget_type=\"button.default\">\n\t\t\t\t<div class=\"elementor-widget-container\">\n\t\t\t\t\t\t\t\t\t<div class=\"elementor-button-wrapper\">\n\t\t\t\t\t<a class=\"elementor-button elementor-button-link elementor-size-sm elementor-animation-bob\" href=\"https:\/\/breatherestaurant.life\/es\/reserve\/\">\n\t\t\t\t\t\t<span class=\"elementor-button-content-wrapper\">\n\t\t\t\t\t\t\t\t\t<span class=\"elementor-button-text\">RESERVA TU MESA<\/span>\n\t\t\t\t\t<\/span>\n\t\t\t\t\t<\/a>\n\t\t\t\t<\/div>\n\t\t\t\t\t\t\t\t<\/div>\n\t\t\t\t<\/div>\n\t\t\t\t\t<\/div>\n\t\t\t\t<\/div>\n\t\t\t\t<\/div>","protected":false},"excerpt":{"rendered":"<p>Back ABOUT US BREATHE\u2122 Restaurant is where energy, flavor, and ambiance come together. It\u2019s a place for meaningful connections, inspiring conversations, and unforgettable memories. Whether you\u2019re here for a casual lunch, an elegant dinner, or a night out with friends, we invite you to experience the perfect blend of nature, gastronomy, and contemporary design. OUR [&hellip;]<\/p>\n","protected":false},"author":1,"featured_media":0,"parent":0,"menu_order":0,"comment_status":"closed","ping_status":"closed","template":"elementor_header_footer","meta":{"_acf_changed":false,"footnotes":""},"class_list":["post-22","page","type-page","status-publish","hentry"],"acf":[],"_links":{"self":[{"href":"https:\/\/breatherestaurant.life\/es\/wp-json\/wp\/v2\/pages\/22","targetHints":{"allow":["GET"]}}],"collection":[{"href":"https:\/\/breatherestaurant.life\/es\/wp-json\/wp\/v2\/pages"}],"about":[{"href":"https:\/\/breatherestaurant.life\/es\/wp-json\/wp\/v2\/types\/page"}],"author":[{"embeddable":true,"href":"https:\/\/breatherestaurant.life\/es\/wp-json\/wp\/v2\/users\/1"}],"replies":[{"embeddable":true,"href":"https:\/\/breatherestaurant.life\/es\/wp-json\/wp\/v2\/comments?post=22"}],"version-history":[{"count":10,"href":"https:\/\/breatherestaurant.life\/es\/wp-json\/wp\/v2\/pages\/22\/revisions"}],"predecessor-version":[{"id":191,"href":"https:\/\/breatherestaurant.life\/es\/wp-json\/wp\/v2\/pages\/22\/revisions\/191"}],"wp:attachment":[{"href":"https:\/\/breatherestaurant.life\/es\/wp-json\/wp\/v2\/media?parent=22"}],"curies":[{"name":"wp","href":"https:\/\/api.w.org\/{rel}","templated":true}]}}